{"id":78,"date":"2018-11-13T04:53:03","date_gmt":"2018-11-13T04:53:03","guid":{"rendered":"http:\/\/oshinewptheme.com\/v45\/?page_id=78"},"modified":"2026-04-01T22:29:01","modified_gmt":"2026-04-01T20:29:01","slug":"bureau-darchitecture","status":"publish","type":"page","link":"https:\/\/ugo-architectures.be\/","title":{"rendered":"Architecte \u00e0 Namur"},"content":{"rendered":"<div  class=\"tatsu-rkZzpdAvaQ tatsu-section  tatsu-section-custom-height tatsu-bg-overlay   tatsu-clearfix\" data-title=\"slider\"  data-headerscheme=\"background--dark\"><div class = \"tatsu-custom-height-wrap\"><div class='tatsu-section-pad clearfix' data-padding='{\"d\":\"90px 0px 90px 0px\",\"m\":\"150px 0px 150px 0px \",\"t\":\"150px 0px 150px 0px \"}' data-padding-top='150px'><div class=\"tatsu-row-wrap  tatsu-wrap tatsu-row-one-col tatsu-row-has-one-cols tatsu-medium-gutter tatsu-reg-cols  tatsu-clearfix tatsu-rkxMTuCvaX\" ><div  class=\"tatsu-row \" ><div  class=\"tatsu-column  tatsu-column-no-bg tatsu-one-col tatsu-column-align-top tatsu-column-image-none tatsu-column-effect-none  tatsu-ryMp_RvT7\"  data-parallax-speed=\"0\" style=\"\"><div class=\"tatsu-column-inner \" ><div class=\"tatsu-column-pad-wrap\"><div class=\"tatsu-column-pad\" >            <div class = \"tatsu-rev-slider-wrap tatsu-module  tatsu-H1baGIt_Y\">\n                \n\t\t\t<!-- START v14home REVOLUTION SLIDER 6.7.38 --><p class=\"rs-p-wp-fix\"><\/p>\n\t\t\t<rs-module-wrap id=\"rev_slider_2_1_wrapper\" data-source=\"gallery\" style=\"visibility:hidden;background:#efefef;padding:0px;position:fixed;top:0px;height:0px\">\n\t\t\t\t<rs-module id=\"rev_slider_2_1\" style=\"\" data-version=\"6.7.38\">\n\t\t\t\t\t<rs-slides style=\"overflow: hidden; position: absolute;\">\n\t\t\t\t\t\t<rs-slide style=\"position: absolute;\" data-key=\"rs-15\" data-title=\"Slide\" data-duration=\"2500ms\" data-anim=\"adpr:false;\" data-in=\"o:0;\" data-out=\"a:false;\">\n\t\t\t\t\t\t\t<img decoding=\"async\" src=\"\/\/ugo-architectures.be\/wp-content\/plugins\/revslider\/sr6\/assets\/assets\/dummy.png\" alt=\"\" title=\"ugo-architectures-namur-villa-35\" width=\"1920\" height=\"1080\" class=\"rev-slidebg tp-rs-img rs-lazyload\" data-lazyload=\"\/\/ugo-architectures.be\/wp-content\/uploads\/2026\/01\/ugo-architectures-namur-villa-35.jpg\" data-no-retina>\n<!---->\t\t\t\t\t<\/rs-slide>\n\t\t\t\t\t\t<rs-slide style=\"position: absolute;\" data-key=\"rs-3\" data-title=\"Slide\" data-duration=\"2500ms\" data-anim=\"adpr:false;\" data-in=\"o:0;\" data-out=\"a:false;\">\n\t\t\t\t\t\t\t<img decoding=\"async\" src=\"\/\/ugo-architectures.be\/wp-content\/plugins\/revslider\/sr6\/assets\/assets\/dummy.png\" alt=\"Ugo Architectures | Architecte \u00e0 Namur\" title=\"ugo-architectures-namur-villa-20\" width=\"1920\" height=\"1080\" class=\"rev-slidebg tp-rs-img rs-lazyload\" data-lazyload=\"\/\/ugo-architectures.be\/wp-content\/uploads\/2023\/11\/ugo-architectures-namur-villa-20.jpg\" data-no-retina>\n<!---->\t\t\t\t\t<\/rs-slide>\n\t\t\t\t\t\t<rs-slide style=\"position: absolute;\" data-key=\"rs-4\" data-title=\"Slide\" data-duration=\"2500ms\" data-anim=\"adpr:false;\" data-in=\"o:0;\" data-out=\"a:false;\">\n\t\t\t\t\t\t\t<img decoding=\"async\" src=\"\/\/ugo-architectures.be\/wp-content\/plugins\/revslider\/sr6\/assets\/assets\/dummy.png\" alt=\"\" title=\"ugo-architectures-namur-villa-40\" width=\"1920\" height=\"1080\" class=\"rev-slidebg tp-rs-img rs-lazyload\" data-lazyload=\"\/\/ugo-architectures.be\/wp-content\/uploads\/2026\/01\/ugo-architectures-namur-villa-40.jpg\" data-bg=\"p:center top;\" data-no-retina>\n<!---->\t\t\t\t\t<\/rs-slide>\n\t\t\t\t\t\t<rs-slide style=\"position: absolute;\" data-key=\"rs-2\" data-title=\"Slide\" data-duration=\"2500ms\" data-anim=\"adpr:false;\" data-in=\"o:0;\" data-out=\"a:false;\">\n\t\t\t\t\t\t\t<img decoding=\"async\" src=\"\/\/ugo-architectures.be\/wp-content\/plugins\/revslider\/sr6\/assets\/assets\/dummy.png\" alt=\"\" title=\"ugo-architectures-namur-villa-09\" width=\"1920\" height=\"1069\" class=\"rev-slidebg tp-rs-img rs-lazyload\" data-lazyload=\"\/\/ugo-architectures.be\/wp-content\/uploads\/2026\/01\/ugo-architectures-namur-villa-09.jpg\" data-no-retina>\n<!---->\t\t\t\t\t<\/rs-slide>\n\t\t\t\t\t\t<rs-slide style=\"position: absolute;\" data-key=\"rs-16\" data-title=\"Slide\" data-duration=\"2500ms\" data-anim=\"adpr:false;\" data-in=\"o:0;\" data-out=\"a:false;\">\n\t\t\t\t\t\t\t<img decoding=\"async\" src=\"\/\/ugo-architectures.be\/wp-content\/plugins\/revslider\/sr6\/assets\/assets\/dummy.png\" alt=\"\" title=\"ugo-architectures-namur-extension-08\" width=\"1920\" height=\"1080\" class=\"rev-slidebg tp-rs-img rs-lazyload\" data-lazyload=\"\/\/ugo-architectures.be\/wp-content\/uploads\/2026\/01\/ugo-architectures-namur-extension-08.jpg\" data-no-retina>\n<!---->\t\t\t\t\t<\/rs-slide>\n\t\t\t\t\t\t<rs-slide style=\"position: absolute;\" data-key=\"rs-14\" data-title=\"Slide\" data-duration=\"2500ms\" data-anim=\"adpr:false;\" data-in=\"o:0;\" data-out=\"a:false;\">\n\t\t\t\t\t\t\t<img decoding=\"async\" src=\"\/\/ugo-architectures.be\/wp-content\/plugins\/revslider\/sr6\/assets\/assets\/dummy.png\" alt=\"\" title=\"ugo-architectures-namur-villa-33\" width=\"1920\" height=\"1080\" class=\"rev-slidebg tp-rs-img rs-lazyload\" data-lazyload=\"\/\/ugo-architectures.be\/wp-content\/uploads\/2026\/01\/ugo-architectures-namur-villa-33.jpg\" data-no-retina>\n<!---->\t\t\t\t\t<\/rs-slide>\n\t\t\t\t\t\t<rs-slide style=\"position: absolute;\" data-key=\"rs-17\" data-title=\"Slide\" data-duration=\"2500ms\" data-anim=\"adpr:false;\" data-in=\"o:0;\" data-out=\"a:false;\">\n\t\t\t\t\t\t\t<img decoding=\"async\" src=\"\/\/ugo-architectures.be\/wp-content\/plugins\/revslider\/sr6\/assets\/assets\/dummy.png\" alt=\"\" title=\"ugo-architectures-namur-batiment-public-05\" width=\"1732\" height=\"974\" class=\"rev-slidebg tp-rs-img rs-lazyload\" data-lazyload=\"\/\/ugo-architectures.be\/wp-content\/uploads\/2026\/01\/ugo-architectures-namur-batiment-public-05.jpg\" data-bg=\"p:center top;\" data-no-retina>\n<!---->\t\t\t\t\t<\/rs-slide>\n\t\t\t\t\t\t<rs-slide style=\"position: absolute;\" data-key=\"rs-18\" data-title=\"Slide\" data-duration=\"2500ms\" data-anim=\"adpr:false;\" data-in=\"o:0;\" data-out=\"a:false;\">\n\t\t\t\t\t\t\t<img decoding=\"async\" src=\"\/\/ugo-architectures.be\/wp-content\/plugins\/revslider\/sr6\/assets\/assets\/dummy.png\" alt=\"\" title=\"ugo-architectures-namur-villa-48\" width=\"1920\" height=\"1080\" class=\"rev-slidebg tp-rs-img rs-lazyload\" data-lazyload=\"\/\/ugo-architectures.be\/wp-content\/uploads\/2026\/01\/ugo-architectures-namur-villa-48.jpg\" data-no-retina>\n<!---->\t\t\t\t\t<\/rs-slide>\n\t\t\t\t\t<\/rs-slides>\n\t\t\t\t\t<rs-static-layers><!--\n\t\t\t\t\t--><\/rs-static-layers>\n\t\t\t\t<\/rs-module>\n\t\t\t\t<script>\n\t\t\t\t\tsetREVStartSize({c: 'rev_slider_2_1',rl:[1240,1024,778,480],el:[980,768,960,720],gw:[1920,1024,778,480],gh:[980,768,960,720],type:'standard',justify:'',layout:'fullscreen',offsetContainer:'',offset:'',mh:\"0\"});if (window.RS_MODULES!==undefined && window.RS_MODULES.modules!==undefined && window.RS_MODULES.modules[\"revslider21\"]!==undefined) {window.RS_MODULES.modules[\"revslider21\"].once = false;window.revapi2 = undefined;if (window.RS_MODULES.checkMinimal!==undefined) window.RS_MODULES.checkMinimal()}\n\t\t\t\t<\/script>\n\t\t\t<\/rs-module-wrap>\n\t\t\t<!-- END REVOLUTION SLIDER -->\n            <\/div>\n<\/div><\/div><div class = \"tatsu-column-bg-image-wrap\"><div class = \"tatsu-column-bg-image\" ><\/div><\/div><\/div><style>.tatsu-row > .tatsu-ryMp_RvT7.tatsu-column{width: 100%;}.tatsu-ryMp_RvT7.tatsu-column > .tatsu-column-inner > .tatsu-column-overlay{mix-blend-mode: none;}.tatsu-ryMp_RvT7 > .tatsu-column-inner > .tatsu-top-divider{z-index: 9999;}.tatsu-ryMp_RvT7 > .tatsu-column-inner > .tatsu-bottom-divider{z-index: 9999;}.tatsu-ryMp_RvT7 > .tatsu-column-inner > .tatsu-left-divider{z-index: 9999;}.tatsu-ryMp_RvT7 > .tatsu-column-inner > .tatsu-right-divider{z-index: 9999;}@media only screen and (max-width:1377px) {.tatsu-row > .tatsu-ryMp_RvT7.tatsu-column{width: 100%;}}@media only screen and (min-width:768px) and (max-width: 1024px) {.tatsu-row > .tatsu-ryMp_RvT7.tatsu-column{width: 100%;}}@media only screen and (max-width: 767px) {.tatsu-row > .tatsu-ryMp_RvT7.tatsu-column{width: 100%;}}<\/style><\/div><\/div><\/div><\/div><div class=\"tatsu-section-background-wrap\"><div class = \"tatsu-section-background\" ><\/div><\/div><div class=\"tatsu-overlay tatsu-section-overlay\"><\/div><\/div><style>.tatsu-rkZzpdAvaQ .tatsu-section-pad{padding: 90px 0px 90px 0px;}.tatsu-rkZzpdAvaQ > .tatsu-bottom-divider{z-index: 9999;}.tatsu-rkZzpdAvaQ > .tatsu-top-divider{z-index: 9999;}.tatsu-rkZzpdAvaQ .tatsu-section-overlay{background: rgba(0,0,0,0.4);mix-blend-mode: normal;}.tatsu-rkZzpdAvaQ .tatsu-custom-height-wrap{align-items: center;min-height: 85vh;}@media only screen and (min-width:768px) and (max-width: 1024px) {.tatsu-rkZzpdAvaQ .tatsu-section-pad{padding: 150px 0px 150px 0px ;}}@media only screen and (max-width: 767px) {.tatsu-rkZzpdAvaQ .tatsu-section-pad{padding: 150px 0px 150px 0px ;}}<\/style><\/div>\n","protected":false},"excerpt":{"rendered":"<p><a href=\"https:\/\/ugo-architectures.be\/\" class=\"more-link style1-button\">Read More<\/a><\/p>","protected":false},"author":1,"featured_media":0,"parent":0,"menu_order":0,"comment_status":"closed","ping_status":"closed","template":"","meta":{"footnotes":""},"class_list":["post-78","page","type-page","status-publish","hentry"],"yoast_head":"<!-- This site is optimized with the Yoast SEO plugin v26.8 - https:\/\/yoast.com\/product\/yoast-seo-wordpress\/ -->\n<title>Ugo Architectures | Bureau d&#039;architecture belge \u00e0 Namur<\/title>\n<meta name=\"description\" content=\"Bureau d&#039;architecture et d&#039;am\u00e9nagement int\u00e9rieur dans la r\u00e9gion de Namur - Projets publics ou priv\u00e9s modernes et contemporains.\" \/>\n<meta name=\"robots\" content=\"index, follow, max-snippet:-1, max-image-preview:large, max-video-preview:-1\" \/>\n<link rel=\"canonical\" href=\"https:\/\/ugo-architectures.be\/\" \/>\n<meta property=\"og:locale\" content=\"fr_FR\" \/>\n<meta property=\"og:type\" content=\"article\" \/>\n<meta property=\"og:title\" content=\"Ugo Architectures | Bureau d&#039;architecture belge \u00e0 Namur\" \/>\n<meta property=\"og:description\" content=\"Bureau d&#039;architecture et d&#039;am\u00e9nagement int\u00e9rieur dans la r\u00e9gion de Namur - Projets publics ou priv\u00e9s modernes et contemporains.\" \/>\n<meta property=\"og:url\" content=\"https:\/\/ugo-architectures.be\/\" \/>\n<meta property=\"og:site_name\" content=\"Ugo Architectures\" \/>\n<meta property=\"article:modified_time\" content=\"2026-04-01T20:29:01+00:00\" \/>\n<meta property=\"og:image\" content=\"https:\/\/ugo-architectures.be\/wp-content\/uploads\/2025\/12\/Logos-en-couleurs-UA-scaled.jpg\" \/>\n\t<meta property=\"og:image:width\" content=\"2560\" \/>\n\t<meta property=\"og:image:height\" content=\"2560\" \/>\n\t<meta property=\"og:image:type\" content=\"image\/jpeg\" \/>\n<meta name=\"twitter:card\" content=\"summary_large_image\" \/>\n<meta name=\"twitter:label1\" content=\"Dur\u00e9e de lecture estim\u00e9e\" \/>\n\t<meta name=\"twitter:data1\" content=\"2 minutes\" \/>\n<script type=\"application\/ld+json\" class=\"yoast-schema-graph\">{\"@context\":\"https:\/\/schema.org\",\"@graph\":[{\"@type\":\"WebPage\",\"@id\":\"https:\/\/ugo-architectures.be\/\",\"url\":\"https:\/\/ugo-architectures.be\/\",\"name\":\"Ugo Architectures | Bureau d'architecture belge \u00e0 Namur\",\"isPartOf\":{\"@id\":\"https:\/\/ugo-architectures.be\/#website\"},\"datePublished\":\"2018-11-13T04:53:03+00:00\",\"dateModified\":\"2026-04-01T20:29:01+00:00\",\"description\":\"Bureau d'architecture et d'am\u00e9nagement int\u00e9rieur dans la r\u00e9gion de Namur - Projets publics ou priv\u00e9s modernes et contemporains.\",\"breadcrumb\":{\"@id\":\"https:\/\/ugo-architectures.be\/#breadcrumb\"},\"inLanguage\":\"fr-FR\",\"potentialAction\":[{\"@type\":\"ReadAction\",\"target\":[\"https:\/\/ugo-architectures.be\/\"]}]},{\"@type\":\"BreadcrumbList\",\"@id\":\"https:\/\/ugo-architectures.be\/#breadcrumb\",\"itemListElement\":[{\"@type\":\"ListItem\",\"position\":1,\"name\":\"Accueil\",\"item\":\"https:\/\/ugo-architectures.be\/\"},{\"@type\":\"ListItem\",\"position\":2,\"name\":\"Architecte \u00e0 Namur\"}]},{\"@type\":\"WebSite\",\"@id\":\"https:\/\/ugo-architectures.be\/#website\",\"url\":\"https:\/\/ugo-architectures.be\/\",\"name\":\"Ugo Architectures\",\"description\":\"Bureau d&#039;architecture \u00e0 Namur\",\"publisher\":{\"@id\":\"https:\/\/ugo-architectures.be\/#organization\"},\"potentialAction\":[{\"@type\":\"SearchAction\",\"target\":{\"@type\":\"EntryPoint\",\"urlTemplate\":\"https:\/\/ugo-architectures.be\/?s={search_term_string}\"},\"query-input\":{\"@type\":\"PropertyValueSpecification\",\"valueRequired\":true,\"valueName\":\"search_term_string\"}}],\"inLanguage\":\"fr-FR\"},{\"@type\":\"Organization\",\"@id\":\"https:\/\/ugo-architectures.be\/#organization\",\"name\":\"Ugo Architectures\",\"url\":\"https:\/\/ugo-architectures.be\/\",\"logo\":{\"@type\":\"ImageObject\",\"inLanguage\":\"fr-FR\",\"@id\":\"https:\/\/ugo-architectures.be\/#\/schema\/logo\/image\/\",\"url\":\"https:\/\/ugo-architectures.be\/wp-content\/uploads\/2022\/03\/cropped-logo-dessus-mini.png\",\"contentUrl\":\"https:\/\/ugo-architectures.be\/wp-content\/uploads\/2022\/03\/cropped-logo-dessus-mini.png\",\"width\":512,\"height\":512,\"caption\":\"Ugo Architectures\"},\"image\":{\"@id\":\"https:\/\/ugo-architectures.be\/#\/schema\/logo\/image\/\"},\"sameAs\":[\"https:\/\/www.instagram.com\/ugo_architectures\/\"]}]}<\/script>\n<!-- \/ Yoast SEO plugin. -->","yoast_head_json":{"title":"Ugo Architectures | Bureau d'architecture belge \u00e0 Namur","description":"Bureau d'architecture et d'am\u00e9nagement int\u00e9rieur dans la r\u00e9gion de Namur - Projets publics ou priv\u00e9s modernes et contemporains.","robots":{"index":"index","follow":"follow","max-snippet":"max-snippet:-1","max-image-preview":"max-image-preview:large","max-video-preview":"max-video-preview:-1"},"canonical":"https:\/\/ugo-architectures.be\/","og_locale":"fr_FR","og_type":"article","og_title":"Ugo Architectures | Bureau d'architecture belge \u00e0 Namur","og_description":"Bureau d'architecture et d'am\u00e9nagement int\u00e9rieur dans la r\u00e9gion de Namur - Projets publics ou priv\u00e9s modernes et contemporains.","og_url":"https:\/\/ugo-architectures.be\/","og_site_name":"Ugo Architectures","article_modified_time":"2026-04-01T20:29:01+00:00","og_image":[{"width":2560,"height":2560,"url":"https:\/\/ugo-architectures.be\/wp-content\/uploads\/2025\/12\/Logos-en-couleurs-UA-scaled.jpg","type":"image\/jpeg"}],"twitter_card":"summary_large_image","twitter_misc":{"Dur\u00e9e de lecture estim\u00e9e":"2 minutes"},"schema":{"@context":"https:\/\/schema.org","@graph":[{"@type":"WebPage","@id":"https:\/\/ugo-architectures.be\/","url":"https:\/\/ugo-architectures.be\/","name":"Ugo Architectures | Bureau d'architecture belge \u00e0 Namur","isPartOf":{"@id":"https:\/\/ugo-architectures.be\/#website"},"datePublished":"2018-11-13T04:53:03+00:00","dateModified":"2026-04-01T20:29:01+00:00","description":"Bureau d'architecture et d'am\u00e9nagement int\u00e9rieur dans la r\u00e9gion de Namur - Projets publics ou priv\u00e9s modernes et contemporains.","breadcrumb":{"@id":"https:\/\/ugo-architectures.be\/#breadcrumb"},"inLanguage":"fr-FR","potentialAction":[{"@type":"ReadAction","target":["https:\/\/ugo-architectures.be\/"]}]},{"@type":"BreadcrumbList","@id":"https:\/\/ugo-architectures.be\/#breadcrumb","itemListElement":[{"@type":"ListItem","position":1,"name":"Accueil","item":"https:\/\/ugo-architectures.be\/"},{"@type":"ListItem","position":2,"name":"Architecte \u00e0 Namur"}]},{"@type":"WebSite","@id":"https:\/\/ugo-architectures.be\/#website","url":"https:\/\/ugo-architectures.be\/","name":"Ugo Architectures","description":"Bureau d&#039;architecture \u00e0 Namur","publisher":{"@id":"https:\/\/ugo-architectures.be\/#organization"},"potentialAction":[{"@type":"SearchAction","target":{"@type":"EntryPoint","urlTemplate":"https:\/\/ugo-architectures.be\/?s={search_term_string}"},"query-input":{"@type":"PropertyValueSpecification","valueRequired":true,"valueName":"search_term_string"}}],"inLanguage":"fr-FR"},{"@type":"Organization","@id":"https:\/\/ugo-architectures.be\/#organization","name":"Ugo Architectures","url":"https:\/\/ugo-architectures.be\/","logo":{"@type":"ImageObject","inLanguage":"fr-FR","@id":"https:\/\/ugo-architectures.be\/#\/schema\/logo\/image\/","url":"https:\/\/ugo-architectures.be\/wp-content\/uploads\/2022\/03\/cropped-logo-dessus-mini.png","contentUrl":"https:\/\/ugo-architectures.be\/wp-content\/uploads\/2022\/03\/cropped-logo-dessus-mini.png","width":512,"height":512,"caption":"Ugo Architectures"},"image":{"@id":"https:\/\/ugo-architectures.be\/#\/schema\/logo\/image\/"},"sameAs":["https:\/\/www.instagram.com\/ugo_architectures\/"]}]}},"_links":{"self":[{"href":"https:\/\/ugo-architectures.be\/index.php?rest_route=\/wp\/v2\/pages\/78","targetHints":{"allow":["GET"]}}],"collection":[{"href":"https:\/\/ugo-architectures.be\/index.php?rest_route=\/wp\/v2\/pages"}],"about":[{"href":"https:\/\/ugo-architectures.be\/index.php?rest_route=\/wp\/v2\/types\/page"}],"author":[{"embeddable":true,"href":"https:\/\/ugo-architectures.be\/index.php?rest_route=\/wp\/v2\/users\/1"}],"replies":[{"embeddable":true,"href":"https:\/\/ugo-architectures.be\/index.php?rest_route=%2Fwp%2Fv2%2Fcomments&post=78"}],"version-history":[{"count":2,"href":"https:\/\/ugo-architectures.be\/index.php?rest_route=\/wp\/v2\/pages\/78\/revisions"}],"predecessor-version":[{"id":4314,"href":"https:\/\/ugo-architectures.be\/index.php?rest_route=\/wp\/v2\/pages\/78\/revisions\/4314"}],"wp:attachment":[{"href":"https:\/\/ugo-architectures.be\/index.php?rest_route=%2Fwp%2Fv2%2Fmedia&parent=78"}],"curies":[{"name":"wp","href":"https:\/\/api.w.org\/{rel}","templated":true}]}}